{"id":2,"date":"2026-03-17T08:19:09","date_gmt":"2026-03-17T08:19:09","guid":{"rendered":"https:\/\/grupovicious2023.rkinformatika.online\/?page_id=2"},"modified":"2026-03-17T14:13:55","modified_gmt":"2026-03-17T14:13:55","slug":"inicio","status":"publish","type":"page","link":"https:\/\/grupovicious2023.com\/eu\/","title":{"rendered":"Hasiera"},"content":{"rendered":"<div data-elementor-type=\"wp-page\" data-elementor-id=\"2\" class=\"elementor elementor-2\" data-elementor-post-type=\"page\">\n\t\t\t\t<div class=\"elementor-element elementor-element-4aeda2b e-flex e-con-boxed e-con e-parent\" data-id=\"4aeda2b\" data-element_type=\"container\" data-e-type=\"container\" data-settings=\"{&quot;background_background&quot;:&quot;classic&quot;}\">\n\t\t\t\t\t<div class=\"e-con-inner\">\n\t\t\t\t<div class=\"elementor-element elementor-element-597b3df elementor-widget elementor-widget-text-editor\" data-id=\"597b3df\" data-element_type=\"widget\" data-e-type=\"widget\" data-widget_type=\"text-editor.default\">\n\t\t\t\t\t\t\t\t\t<p>Festa ez da gelditzen...<\/p>\t\t\t\t\t\t\t\t<\/div>\n\t\t\t\t<div class=\"elementor-element elementor-element-ae3f8b2 elementor-widget elementor-widget-heading\" data-id=\"ae3f8b2\" data-element_type=\"widget\" data-e-type=\"widget\" data-widget_type=\"heading.default\">\n\t\t\t\t\t<h2 class=\"elementor-heading-title elementor-size-default\">SWEET and VICIOUS<\/h2>\t\t\t\t<\/div>\n\t\t\t\t\t<\/div>\n\t\t\t\t<\/div>\n\t\t<div class=\"elementor-element elementor-element-c71e756 e-flex e-con-boxed e-con e-parent\" data-id=\"c71e756\" data-element_type=\"container\" data-e-type=\"container\">\n\t\t\t\t\t<div class=\"e-con-inner\">\n\t\t<div class=\"elementor-element elementor-element-73a0a5b e-con-full e-flex e-con e-child\" data-id=\"73a0a5b\" data-element_type=\"container\" data-e-type=\"container\">\n\t\t\t\t<div class=\"elementor-element elementor-element-dde35d2 elementor-widget elementor-widget-heading\" data-id=\"dde35d2\" data-element_type=\"widget\" data-e-type=\"widget\" data-widget_type=\"heading.default\">\n\t\t\t\t\t<h2 class=\"elementor-heading-title elementor-size-default\">Nork mugitzen du gaua?<\/h2>\t\t\t\t<\/div>\n\t\t\t\t<div class=\"elementor-element elementor-element-44aec24 elementor-widget elementor-widget-text-editor\" data-id=\"44aec24\" data-element_type=\"widget\" data-e-type=\"widget\" data-widget_type=\"text-editor.default\">\n\t\t\t\t\t\t\t\t\t<p>Vicious Taldea 2023an jaio zen, Durangon, ideia argi batekin: gaueko aisialdia beste maila batera eramatea. Esperientziak sortzen ditugu, non musika elektronikoak, publikoaren energiak eta giroak bat egiten duten gau paregabeei bizia emateko.<\/p>\t\t\t\t\t\t\t\t<\/div>\n\t\t\t\t<\/div>\n\t\t<div class=\"elementor-element elementor-element-8541138 e-con-full e-flex e-con e-child\" data-id=\"8541138\" data-element_type=\"container\" data-e-type=\"container\">\n\t\t\t\t<div class=\"elementor-element elementor-element-d1a13a7 elementor-widget elementor-widget-image\" data-id=\"d1a13a7\" data-element_type=\"widget\" data-e-type=\"widget\" data-widget_type=\"image.default\">\n\t\t\t\t\t\t\t\t\t\t\t\t\t\t\t<img fetchpriority=\"high\" decoding=\"async\" width=\"800\" height=\"535\" src=\"https:\/\/grupovicious2023.com\/wp-content\/uploads\/2026\/03\/IMG_0003-Danny-Meip-1024x685.jpeg\" class=\"attachment-large size-large wp-image-97\" alt=\"\" srcset=\"https:\/\/grupovicious2023.com\/wp-content\/uploads\/2026\/03\/IMG_0003-Danny-Meip-1024x685.jpeg 1024w, https:\/\/grupovicious2023.com\/wp-content\/uploads\/2026\/03\/IMG_0003-Danny-Meip-300x201.jpeg 300w, https:\/\/grupovicious2023.com\/wp-content\/uploads\/2026\/03\/IMG_0003-Danny-Meip-768x514.jpeg 768w, https:\/\/grupovicious2023.com\/wp-content\/uploads\/2026\/03\/IMG_0003-Danny-Meip-18x12.jpeg 18w, https:\/\/grupovicious2023.com\/wp-content\/uploads\/2026\/03\/IMG_0003-Danny-Meip.jpeg 1179w\" sizes=\"(max-width: 800px) 100vw, 800px\" \/>\t\t\t\t\t\t\t\t\t\t\t\t\t\t\t<\/div>\n\t\t\t\t<\/div>\n\t\t\t\t\t<\/div>\n\t\t\t\t<\/div>\n\t\t<div class=\"elementor-element elementor-element-57f6986 e-flex e-con-boxed e-con e-parent\" data-id=\"57f6986\" data-element_type=\"container\" data-e-type=\"container\">\n\t\t\t\t\t<div class=\"e-con-inner\">\n\t\t<div class=\"elementor-element elementor-element-7716632 e-con-full e-flex e-con e-child\" data-id=\"7716632\" data-element_type=\"container\" data-e-type=\"container\">\n\t\t\t\t<div class=\"elementor-element elementor-element-f52e283 elementor-widget elementor-widget-heading\" data-id=\"f52e283\" data-element_type=\"widget\" data-e-type=\"widget\" data-widget_type=\"heading.default\">\n\t\t\t\t\t<h2 class=\"elementor-heading-title elementor-size-default\">Vicious esperientzia<\/h2>\t\t\t\t<\/div>\n\t\t\t\t<div class=\"elementor-element elementor-element-ecca3b0 elementor-widget elementor-widget-text-editor\" data-id=\"ecca3b0\" data-element_type=\"widget\" data-e-type=\"widget\" data-widget_type=\"text-editor.default\">\n\t\t\t\t\t\t\t\t\t<p data-start=\"455\" data-end=\"719\">Gaua bizitzeko beste modu batean sinesten dugu: biziagoa, zainduagoa eta beti gogoangarria.<\/p><p data-start=\"721\" data-end=\"900\" data-is-last-node=\"\" data-is-only-node=\"\">Viciousen, espazioak irekitzeaz gain, agertoki perfektua sortzen dugu deskonektatzeko, ospatzeko eta eramaten uzteko. Izan ere, guretzat gaua ez da aisialdia bakarrik... esperientzia bat da.<\/p>\t\t\t\t\t\t\t\t<\/div>\n\t\t\t\t<\/div>\n\t\t<div class=\"elementor-element elementor-element-4f03fd2 e-con-full e-flex e-con e-child\" data-id=\"4f03fd2\" data-element_type=\"container\" data-e-type=\"container\">\n\t\t\t\t<div class=\"elementor-element elementor-element-de886cf elementor-widget elementor-widget-image\" data-id=\"de886cf\" data-element_type=\"widget\" data-e-type=\"widget\" data-widget_type=\"image.default\">\n\t\t\t\t\t\t\t\t\t\t\t\t\t\t\t<img decoding=\"async\" width=\"800\" height=\"601\" src=\"https:\/\/grupovicious2023.com\/wp-content\/uploads\/2026\/03\/Imagen-pegada.png\" class=\"attachment-large size-large wp-image-99\" alt=\"\" srcset=\"https:\/\/grupovicious2023.com\/wp-content\/uploads\/2026\/03\/Imagen-pegada.png 825w, https:\/\/grupovicious2023.com\/wp-content\/uploads\/2026\/03\/Imagen-pegada-300x225.png 300w, https:\/\/grupovicious2023.com\/wp-content\/uploads\/2026\/03\/Imagen-pegada-768x577.png 768w, https:\/\/grupovicious2023.com\/wp-content\/uploads\/2026\/03\/Imagen-pegada-16x12.png 16w\" sizes=\"(max-width: 800px) 100vw, 800px\" \/>\t\t\t\t\t\t\t\t\t\t\t\t\t\t\t<\/div>\n\t\t\t\t<\/div>\n\t\t\t\t\t<\/div>\n\t\t\t\t<\/div>\n\t\t<div class=\"elementor-element elementor-element-1b2cc71 e-flex e-con-boxed e-con e-parent\" data-id=\"1b2cc71\" data-element_type=\"container\" data-e-type=\"container\" data-settings=\"{&quot;background_background&quot;:&quot;classic&quot;}\">\n\t\t\t\t\t<div class=\"e-con-inner\">\n\t\t\t\t<div class=\"elementor-element elementor-element-8dff629 elementor-widget elementor-widget-heading\" data-id=\"8dff629\" data-element_type=\"widget\" data-e-type=\"widget\" data-widget_type=\"heading.default\">\n\t\t\t\t\t<h2 class=\"elementor-heading-title elementor-size-default\">Sentitu SWEET and VICIOUS<\/h2>\t\t\t\t<\/div>\n\t\t\t\t<div class=\"elementor-element elementor-element-3639e25 elementor-widget elementor-widget-text-editor\" data-id=\"3639e25\" data-element_type=\"widget\" data-e-type=\"widget\" data-widget_type=\"text-editor.default\">\n\t\t\t\t\t\t\t\t\t<p><strong data-start=\"244\" data-end=\"275\">Bizi ezazu Vicious esperientzia<\/strong><\/p>\t\t\t\t\t\t\t\t<\/div>\n\t\t\t\t<div class=\"elementor-element elementor-element-56779ec elementor-align-center elementor-widget elementor-widget-button\" data-id=\"56779ec\" data-element_type=\"widget\" data-e-type=\"widget\" data-widget_type=\"button.default\">\n\t\t\t\t\t\t\t\t\t\t<a class=\"elementor-button elementor-button-link elementor-size-sm elementor-animation-pop\" href=\"\/eu\/servicios\/\">\n\t\t\t\t\t\t<span class=\"elementor-button-content-wrapper\">\n\t\t\t\t\t\t<span class=\"elementor-button-icon\">\n\t\t\t\t<svg aria-hidden=\"true\" class=\"e-font-icon-svg e-far-hand-point-right\" viewbox=\"0 0 512 512\" xmlns=\"http:\/\/www.w3.org\/2000\/svg\"><path d=\"M428.8 137.6h-86.177a115.52 115.52 0 0 0 2.176-22.4c0-47.914-35.072-83.2-92-83.2-45.314 0-57.002 48.537-75.707 78.784-7.735 12.413-16.994 23.317-25.851 33.253l-.131.146-.129.148C135.662 161.807 127.764 168 120.8 168h-2.679c-5.747-4.952-13.536-8-22.12-8H32c-17.673 0-32 12.894-32 28.8v230.4C0 435.106 14.327 448 32 448h64c8.584 0 16.373-3.048 22.12-8h2.679c28.688 0 67.137 40 127.2 40h21.299c62.542 0 98.8-38.658 99.94-91.145 12.482-17.813 18.491-40.785 15.985-62.791A93.148 93.148 0 0 0 393.152 304H428.8c45.435 0 83.2-37.584 83.2-83.2 0-45.099-38.101-83.2-83.2-83.2zm0 118.4h-91.026c12.837 14.669 14.415 42.825-4.95 61.05 11.227 19.646 1.687 45.624-12.925 53.625 6.524 39.128-10.076 61.325-50.6 61.325H248c-45.491 0-77.21-35.913-120-39.676V215.571c25.239-2.964 42.966-21.222 59.075-39.596 11.275-12.65 21.725-25.3 30.799-39.875C232.355 112.712 244.006 80 252.8 80c23.375 0 44 8.8 44 35.2 0 35.2-26.4 53.075-26.4 70.4h158.4c18.425 0 35.2 16.5 35.2 35.2 0 18.975-16.225 35.2-35.2 35.2zM88 384c0 13.255-10.745 24-24 24s-24-10.745-24-24 10.745-24 24-24 24 10.745 24 24z\"><\/path><\/svg>\t\t\t<\/span>\n\t\t\t\t\t\t\t\t\t<span class=\"elementor-button-text\">ZERBITZUAK<\/span>\n\t\t\t\t\t<\/span>\n\t\t\t\t\t<\/a>\n\t\t\t\t\t\t\t\t<\/div>\n\t\t\t\t\t<\/div>\n\t\t\t\t<\/div>\n\t\t\t\t<\/div>","protected":false},"excerpt":{"rendered":"<p>La fiesta no para en&#8230; SWEET and VICIOUS Qui\u00e9n mueve la noche Grupo Vicious nace en 2023 en Durango con una idea clara: llevar el ocio nocturno a otro nivel. Creamos experiencias donde la m\u00fasica electr\u00f3nica, la energ\u00eda del p\u00fablico y el ambiente se fusionan para dar vida a noches \u00fanicas. La experiencia Vicious Creemos [&hellip;]<\/p>\n","protected":false},"author":1,"featured_media":0,"parent":0,"menu_order":0,"comment_status":"closed","ping_status":"closed","template":"elementor_canvas","meta":{"footnotes":""},"class_list":["post-2","page","type-page","status-publish","hentry"],"yoast_head":"<!-- This site is optimized with the Yoast SEO plugin v27.5 - https:\/\/yoast.com\/product\/yoast-seo-wordpress\/ -->\n<title>Inicio - Grupo Vicious 2023<\/title>\n<meta name=\"robots\" content=\"index, follow, max-snippet:-1, max-image-preview:large, max-video-preview:-1\" \/>\n<link rel=\"canonical\" href=\"https:\/\/grupovicious2023.com\/eu\/\" \/>\n<meta property=\"og:locale\" content=\"en_US\" \/>\n<meta property=\"og:type\" content=\"article\" \/>\n<meta property=\"og:title\" content=\"Inicio - Grupo Vicious 2023\" \/>\n<meta property=\"og:description\" content=\"La fiesta no para en&#8230; SWEET and VICIOUS Qui\u00e9n mueve la noche Grupo Vicious nace en 2023 en Durango con una idea clara: llevar el ocio nocturno a otro nivel. Creamos experiencias donde la m\u00fasica electr\u00f3nica, la energ\u00eda del p\u00fablico y el ambiente se fusionan para dar vida a noches \u00fanicas. La experiencia Vicious Creemos [&hellip;]\" \/>\n<meta property=\"og:url\" content=\"https:\/\/grupovicious2023.com\/eu\/\" \/>\n<meta property=\"og:site_name\" content=\"Grupo Vicious 2023\" \/>\n<meta property=\"article:modified_time\" content=\"2026-03-17T14:13:55+00:00\" \/>\n<meta property=\"og:image\" content=\"https:\/\/grupovicious2023.com\/wp-content\/uploads\/2026\/03\/IMG_0003-Danny-Meip-1024x685.jpeg\" \/>\n<meta name=\"twitter:card\" content=\"summary_large_image\" \/>\n<meta name=\"twitter:label1\" content=\"Est. reading time\" \/>\n\t<meta name=\"twitter:data1\" content=\"1 minutua\" \/>\n<script type=\"application\/ld+json\" class=\"yoast-schema-graph\">{\"@context\":\"https:\\\/\\\/schema.org\",\"@graph\":[{\"@type\":\"WebPage\",\"@id\":\"https:\\\/\\\/grupovicious2023.com\\\/\",\"url\":\"https:\\\/\\\/grupovicious2023.com\\\/\",\"name\":\"Inicio - Grupo Vicious 2023\",\"isPartOf\":{\"@id\":\"https:\\\/\\\/grupovicious2023.com\\\/#website\"},\"primaryImageOfPage\":{\"@id\":\"https:\\\/\\\/grupovicious2023.com\\\/#primaryimage\"},\"image\":{\"@id\":\"https:\\\/\\\/grupovicious2023.com\\\/#primaryimage\"},\"thumbnailUrl\":\"https:\\\/\\\/grupovicious2023.com\\\/wp-content\\\/uploads\\\/2026\\\/03\\\/IMG_0003-Danny-Meip-1024x685.jpeg\",\"datePublished\":\"2026-03-17T08:19:09+00:00\",\"dateModified\":\"2026-03-17T14:13:55+00:00\",\"breadcrumb\":{\"@id\":\"https:\\\/\\\/grupovicious2023.com\\\/#breadcrumb\"},\"inLanguage\":\"eu\",\"potentialAction\":[{\"@type\":\"ReadAction\",\"target\":[\"https:\\\/\\\/grupovicious2023.com\\\/\"]}]},{\"@type\":\"ImageObject\",\"inLanguage\":\"eu\",\"@id\":\"https:\\\/\\\/grupovicious2023.com\\\/#primaryimage\",\"url\":\"https:\\\/\\\/grupovicious2023.com\\\/wp-content\\\/uploads\\\/2026\\\/03\\\/IMG_0003-Danny-Meip-1024x685.jpeg\",\"contentUrl\":\"https:\\\/\\\/grupovicious2023.com\\\/wp-content\\\/uploads\\\/2026\\\/03\\\/IMG_0003-Danny-Meip-1024x685.jpeg\"},{\"@type\":\"BreadcrumbList\",\"@id\":\"https:\\\/\\\/grupovicious2023.com\\\/#breadcrumb\",\"itemListElement\":[{\"@type\":\"ListItem\",\"position\":1,\"name\":\"Portada\",\"item\":\"https:\\\/\\\/grupovicious2023.com\\\/\"},{\"@type\":\"ListItem\",\"position\":2,\"name\":\"Inicio\"}]},{\"@type\":\"WebSite\",\"@id\":\"https:\\\/\\\/grupovicious2023.com\\\/#website\",\"url\":\"https:\\\/\\\/grupovicious2023.com\\\/\",\"name\":\"Grupo Vicious 2023\",\"description\":\"Discoteca de ocio nocturno en Komentukalea Kalea, 10, Durango, Bizkaia \\\/+34 669 145 685\",\"publisher\":{\"@id\":\"https:\\\/\\\/grupovicious2023.com\\\/#organization\"},\"potentialAction\":[{\"@type\":\"SearchAction\",\"target\":{\"@type\":\"EntryPoint\",\"urlTemplate\":\"https:\\\/\\\/grupovicious2023.com\\\/?s={search_term_string}\"},\"query-input\":{\"@type\":\"PropertyValueSpecification\",\"valueRequired\":true,\"valueName\":\"search_term_string\"}}],\"inLanguage\":\"eu\"},{\"@type\":\"Organization\",\"@id\":\"https:\\\/\\\/grupovicious2023.com\\\/#organization\",\"name\":\"Grupo Vicious 2023\",\"url\":\"https:\\\/\\\/grupovicious2023.com\\\/\",\"logo\":{\"@type\":\"ImageObject\",\"inLanguage\":\"eu\",\"@id\":\"https:\\\/\\\/grupovicious2023.com\\\/#\\\/schema\\\/logo\\\/image\\\/\",\"url\":\"https:\\\/\\\/grupovicious2023.com\\\/wp-content\\\/uploads\\\/2026\\\/03\\\/sin_fondp.png\",\"contentUrl\":\"https:\\\/\\\/grupovicious2023.com\\\/wp-content\\\/uploads\\\/2026\\\/03\\\/sin_fondp.png\",\"width\":346,\"height\":222,\"caption\":\"Grupo Vicious 2023\"},\"image\":{\"@id\":\"https:\\\/\\\/grupovicious2023.com\\\/#\\\/schema\\\/logo\\\/image\\\/\"}}]}<\/script>\n<!-- \/ Yoast SEO plugin. -->","yoast_head_json":{"title":"Inicio - Grupo Vicious 2023","robots":{"index":"index","follow":"follow","max-snippet":"max-snippet:-1","max-image-preview":"max-image-preview:large","max-video-preview":"max-video-preview:-1"},"canonical":"https:\/\/grupovicious2023.com\/eu\/","og_locale":"en_US","og_type":"article","og_title":"Inicio - Grupo Vicious 2023","og_description":"La fiesta no para en&#8230; SWEET and VICIOUS Qui\u00e9n mueve la noche Grupo Vicious nace en 2023 en Durango con una idea clara: llevar el ocio nocturno a otro nivel. Creamos experiencias donde la m\u00fasica electr\u00f3nica, la energ\u00eda del p\u00fablico y el ambiente se fusionan para dar vida a noches \u00fanicas. La experiencia Vicious Creemos [&hellip;]","og_url":"https:\/\/grupovicious2023.com\/eu\/","og_site_name":"Grupo Vicious 2023","article_modified_time":"2026-03-17T14:13:55+00:00","og_image":[{"url":"https:\/\/grupovicious2023.com\/wp-content\/uploads\/2026\/03\/IMG_0003-Danny-Meip-1024x685.jpeg","type":"","width":"","height":""}],"twitter_card":"summary_large_image","twitter_misc":{"Est. reading time":"1 minutua"},"schema":{"@context":"https:\/\/schema.org","@graph":[{"@type":"WebPage","@id":"https:\/\/grupovicious2023.com\/","url":"https:\/\/grupovicious2023.com\/","name":"Inicio - Grupo Vicious 2023","isPartOf":{"@id":"https:\/\/grupovicious2023.com\/#website"},"primaryImageOfPage":{"@id":"https:\/\/grupovicious2023.com\/#primaryimage"},"image":{"@id":"https:\/\/grupovicious2023.com\/#primaryimage"},"thumbnailUrl":"https:\/\/grupovicious2023.com\/wp-content\/uploads\/2026\/03\/IMG_0003-Danny-Meip-1024x685.jpeg","datePublished":"2026-03-17T08:19:09+00:00","dateModified":"2026-03-17T14:13:55+00:00","breadcrumb":{"@id":"https:\/\/grupovicious2023.com\/#breadcrumb"},"inLanguage":"eu","potentialAction":[{"@type":"ReadAction","target":["https:\/\/grupovicious2023.com\/"]}]},{"@type":"ImageObject","inLanguage":"eu","@id":"https:\/\/grupovicious2023.com\/#primaryimage","url":"https:\/\/grupovicious2023.com\/wp-content\/uploads\/2026\/03\/IMG_0003-Danny-Meip-1024x685.jpeg","contentUrl":"https:\/\/grupovicious2023.com\/wp-content\/uploads\/2026\/03\/IMG_0003-Danny-Meip-1024x685.jpeg"},{"@type":"BreadcrumbList","@id":"https:\/\/grupovicious2023.com\/#breadcrumb","itemListElement":[{"@type":"ListItem","position":1,"name":"Portada","item":"https:\/\/grupovicious2023.com\/"},{"@type":"ListItem","position":2,"name":"Inicio"}]},{"@type":"WebSite","@id":"https:\/\/grupovicious2023.com\/#website","url":"https:\/\/grupovicious2023.com\/","name":"Grupo Vicious 2023","description":"Discoteca de ocio nocturno en Komentukalea Kalea, 10, Durango, Bizkaia \/+34 669 145 685","publisher":{"@id":"https:\/\/grupovicious2023.com\/#organization"},"potentialAction":[{"@type":"SearchAction","target":{"@type":"EntryPoint","urlTemplate":"https:\/\/grupovicious2023.com\/?s={search_term_string}"},"query-input":{"@type":"PropertyValueSpecification","valueRequired":true,"valueName":"search_term_string"}}],"inLanguage":"eu"},{"@type":"Organization","@id":"https:\/\/grupovicious2023.com\/#organization","name":"Grupo Vicious 2023","url":"https:\/\/grupovicious2023.com\/","logo":{"@type":"ImageObject","inLanguage":"eu","@id":"https:\/\/grupovicious2023.com\/#\/schema\/logo\/image\/","url":"https:\/\/grupovicious2023.com\/wp-content\/uploads\/2026\/03\/sin_fondp.png","contentUrl":"https:\/\/grupovicious2023.com\/wp-content\/uploads\/2026\/03\/sin_fondp.png","width":346,"height":222,"caption":"Grupo Vicious 2023"},"image":{"@id":"https:\/\/grupovicious2023.com\/#\/schema\/logo\/image\/"}}]}},"_links":{"self":[{"href":"https:\/\/grupovicious2023.com\/eu\/wp-json\/wp\/v2\/pages\/2","targetHints":{"allow":["GET"]}}],"collection":[{"href":"https:\/\/grupovicious2023.com\/eu\/wp-json\/wp\/v2\/pages"}],"about":[{"href":"https:\/\/grupovicious2023.com\/eu\/wp-json\/wp\/v2\/types\/page"}],"author":[{"embeddable":true,"href":"https:\/\/grupovicious2023.com\/eu\/wp-json\/wp\/v2\/users\/1"}],"replies":[{"embeddable":true,"href":"https:\/\/grupovicious2023.com\/eu\/wp-json\/wp\/v2\/comments?post=2"}],"version-history":[{"count":56,"href":"https:\/\/grupovicious2023.com\/eu\/wp-json\/wp\/v2\/pages\/2\/revisions"}],"predecessor-version":[{"id":246,"href":"https:\/\/grupovicious2023.com\/eu\/wp-json\/wp\/v2\/pages\/2\/revisions\/246"}],"wp:attachment":[{"href":"https:\/\/grupovicious2023.com\/eu\/wp-json\/wp\/v2\/media?parent=2"}],"curies":[{"name":"wp","href":"https:\/\/api.w.org\/{rel}","templated":true}]}}